{"id":15,"date":"2026-02-08T12:55:09","date_gmt":"2026-02-08T12:55:09","guid":{"rendered":"https:\/\/gudruningelbach.feel-good-media.de\/?page_id=15"},"modified":"2026-02-08T13:51:31","modified_gmt":"2026-02-08T13:51:31","slug":"startseite","status":"publish","type":"page","link":"https:\/\/gudruningelbach.feel-good-media.de\/","title":{"rendered":"STARTSEITE"},"content":{"rendered":"<div  class='flex_column av-1jlh7-026b7a96a8a37a216ef75222ee32cc4e av_one_full  avia-builder-el-0  el_before_av_one_full  avia-builder-el-first  first flex_column_div  '     ><section  class='av_textblock_section av-mldqwxrh-676c61578bc6f945d40a1ca6326467e1 '   itemscope=\"itemscope\" itemtype=\"https:\/\/schema.org\/CreativeWork\" ><div class='avia_textblock'  itemprop=\"text\" ><div class=\"module-container-custom module-container-root\">\n<div class=\"heading-module-13fdd261-2084-4a40-ab78-8a6839280162 heading-root\">\n<div>\n<h1 style=\"text-align: center;\"><span class=\"theming-theme-accent2\">Psychologische Beratung &amp; Coaching<\/span><\/h1>\n<\/div>\n<\/div>\n<\/div>\n<div class=\"module-container-custom module-container-root\" style=\"text-align: center;\">\n<div class=\"heading-module-3b81dc5d-0c5d-4ef5-bcdb-6c7c14941fd2 heading-root\">\n<div>\n<h1><span class=\"theming-theme-accent2\">Gudrun Ingelbach<\/span><\/h1>\n<\/div>\n<\/div>\n<\/div>\n<div class=\"module-container-custom module-container-root\">\n<div class=\"text-root text-709bdbcb-d76b-4e08-84f1-f12dcc71c0ef\">\n<div><\/div>\n<\/div>\n<\/div>\n<div class=\"module-container-custom module-container-root\">\n<div class=\"text-root text-709bdbcb-d76b-4e08-84f1-f12dcc71c0ef\">\n<div><\/div>\n<\/div>\n<\/div>\n<div class=\"module-container-custom module-container-root\">\n<div class=\"text-root text-709bdbcb-d76b-4e08-84f1-f12dcc71c0ef\">\n<div>\n<p style=\"text-align: center;\">\n<\/div>\n<\/div>\n<\/div>\n<\/div><\/section><\/div>\n<div  class='flex_column av-xf0r-b949eafcbad9da714121aa87c900bfef av_one_full  avia-builder-el-2  el_after_av_one_full  el_before_av_one_full  first flex_column_div  column-top-margin'     ><section  class='av_textblock_section av-mldr3dzm-41d87f34c32bec88d69bf22ad60107c8 '   itemscope=\"itemscope\" itemtype=\"https:\/\/schema.org\/CreativeWork\" ><div class='avia_textblock'  itemprop=\"text\" ><div class=\"module-container-custom module-container-root\">\n<div class=\"text-root text-709bdbcb-d76b-4e08-84f1-f12dcc71c0ef\">\n<div>\n<h3 style=\"text-align: center;\"><span class=\"theming-theme-accent2\">Herzlich Willkommen in meiner Praxis f\u00fcr Coaching und psychologischer Beratung in Br\u00fchl<\/span><\/h3>\n<\/div>\n<\/div>\n<\/div>\n<\/div><\/section><\/div>\n<div  class='flex_column av-o6uf-15408fc448e0f585bf309ecf801e8797 av_one_full  avia-builder-el-4  el_after_av_one_full  el_before_av_one_third  first flex_column_div  column-top-margin'     ><section  class='av_textblock_section av-mldr42n5-694231df78414d46f00418f7a83e4e31 '   itemscope=\"itemscope\" itemtype=\"https:\/\/schema.org\/CreativeWork\" ><div class='avia_textblock'  itemprop=\"text\" ><p style=\"text-align: center;\"><em>Das gr\u00f6\u00dfte Geschenk, das ich geben kann, ist, den anderen zu sehen, zu h\u00f6ren, zu verstehen und zu ber\u00fchren.<\/em><\/p>\n<p style=\"text-align: center;\"><em>\u00a0Wenn dies geschieht, entsteht Kontakt<\/em><\/p>\n<p style=\"text-align: center;\"><em>Virginia Satir<\/em><\/p>\n<\/div><\/section><\/div>\n<div  class='flex_column av-40n9j-ab69e984b2f8306ec0e24aa9d909a803 av_one_third  avia-builder-el-6  el_after_av_one_full  el_before_av_one_third  first flex_column_div  column-top-margin'     ><section  class='av_textblock_section av-mldre47n-346e6cb1b0c3c40371bce44a14789bd8 '   itemscope=\"itemscope\" itemtype=\"https:\/\/schema.org\/CreativeWork\" ><div class='avia_textblock'  itemprop=\"text\" ><div class=\"module-container-custom module-container-root\">\n<div class=\"heading-module-1eba671f-be85-435e-9297-96c34d5d2889 heading-root\">\n<h4><\/h4>\n<h4 style=\"text-align: center;\"><img loading=\"lazy\" decoding=\"async\" class=\"alignnone size-full wp-image-33\" src=\"https:\/\/gudruningelbach.feel-good-media.de\/wp-content\/uploads\/2026\/02\/plaster.jpg\" alt=\"\" width=\"1633\" height=\"1088\" srcset=\"https:\/\/gudruningelbach.feel-good-media.de\/wp-content\/uploads\/2026\/02\/plaster.jpg 1633w, https:\/\/gudruningelbach.feel-good-media.de\/wp-content\/uploads\/2026\/02\/plaster-300x200.jpg 300w, https:\/\/gudruningelbach.feel-good-media.de\/wp-content\/uploads\/2026\/02\/plaster-1030x686.jpg 1030w, https:\/\/gudruningelbach.feel-good-media.de\/wp-content\/uploads\/2026\/02\/plaster-768x512.jpg 768w, https:\/\/gudruningelbach.feel-good-media.de\/wp-content\/uploads\/2026\/02\/plaster-1536x1023.jpg 1536w, https:\/\/gudruningelbach.feel-good-media.de\/wp-content\/uploads\/2026\/02\/plaster-1500x999.jpg 1500w, https:\/\/gudruningelbach.feel-good-media.de\/wp-content\/uploads\/2026\/02\/plaster-705x470.jpg 705w\" sizes=\"auto, (max-width: 1633px) 100vw, 1633px\" \/><\/h4>\n<\/div>\n<\/div>\n<div class=\"module-container-custom module-container-root module-container-5dce2869-9e0d-40bd-8a9c-10e8480bdc1a\">\n<div class=\"text-root text-5dce2869-9e0d-40bd-8a9c-10e8480bdc1a\">\n<div>\n<h4><\/h4>\n<h3 style=\"text-align: center;\">Mut zur Ver\u00e4nderung<\/h3>\n<p>&#8222;Bin ich gut genug?&#8220; Halten Sie immer noch an Glaubensmustern fest, die Ihnen eher schaden als nutzen? Haben Sie Gedanken und Gef\u00fchle, die Sie daran hindern Ihre Ziele und W\u00fcnsche zu erreichen? M\u00f6chten Sie sich davon befreien, nur zu funktionieren und dem Anspruch anderer zu gen\u00fcgen?<\/p>\n<p>Zusammen schauen wir uns diese Muster an. Und finden neue, positive, mutige Gedanken, die sich zu realen\u00a0 Lebenswegen entwickeln. Finden Sie \u00a0in sich \u00a0Mut, Zuversicht und Vertrauen.<\/p>\n<\/div>\n<\/div>\n<\/div>\n<\/div><\/section><\/div>\n<div  class='flex_column av-3fomv-72c98c77330a584e4f0459a5191e6efe av_one_third  avia-builder-el-8  el_after_av_one_third  el_before_av_one_third  flex_column_div  column-top-margin'     ><section  class='av_textblock_section av-mldrfp8s-9177cdaa2f96f936eb17f9f73e4235ad '   itemscope=\"itemscope\" itemtype=\"https:\/\/schema.org\/CreativeWork\" ><div class='avia_textblock'  itemprop=\"text\" ><h4><img loading=\"lazy\" decoding=\"async\" class=\"alignnone size-full wp-image-34\" src=\"https:\/\/gudruningelbach.feel-good-media.de\/wp-content\/uploads\/2026\/02\/mensch.jpg\" alt=\"\" width=\"1698\" height=\"1131\" srcset=\"https:\/\/gudruningelbach.feel-good-media.de\/wp-content\/uploads\/2026\/02\/mensch.jpg 1698w, https:\/\/gudruningelbach.feel-good-media.de\/wp-content\/uploads\/2026\/02\/mensch-300x200.jpg 300w, https:\/\/gudruningelbach.feel-good-media.de\/wp-content\/uploads\/2026\/02\/mensch-1030x686.jpg 1030w, https:\/\/gudruningelbach.feel-good-media.de\/wp-content\/uploads\/2026\/02\/mensch-768x512.jpg 768w, https:\/\/gudruningelbach.feel-good-media.de\/wp-content\/uploads\/2026\/02\/mensch-1536x1023.jpg 1536w, https:\/\/gudruningelbach.feel-good-media.de\/wp-content\/uploads\/2026\/02\/mensch-1500x999.jpg 1500w, https:\/\/gudruningelbach.feel-good-media.de\/wp-content\/uploads\/2026\/02\/mensch-705x470.jpg 705w\" sizes=\"auto, (max-width: 1698px) 100vw, 1698px\" \/><\/h4>\n<h3 style=\"text-align: center;\">Beziehung<\/h3>\n<p>Wiederholen sich in Ihrem Leben Beziehungen und soziale Kontakte, die Ihnen nicht gut tun, sei es in (Liebes-) Beziehungen, \u00a0im Freundeskreis oder im t\u00e4glichen Arbeitsleben?<\/p>\n<p>Befreien Sie sich aus toxischen Beziehungsmustern und<br \/>\nfinden Sie heraus, wer Ihnen wirklich gut tut, wer zu Ihnen passt, was SIE sich w\u00fcnschen&#8230;<\/p>\n<\/div><\/section><\/div>\n<div  class='flex_column av-2w6uz-7ee5744418287dd86c40e203ee4aae65 av_one_third  avia-builder-el-10  el_after_av_one_third  el_before_av_one_third  flex_column_div  column-top-margin'     ><section  class='av_textblock_section av-mldrhjpk-8771b7f02afdcf069de617fb17fa7eb9 '   itemscope=\"itemscope\" itemtype=\"https:\/\/schema.org\/CreativeWork\" ><div class='avia_textblock'  itemprop=\"text\" ><div class=\"module-container-custom module-container-root\">\n<div class=\"heading-module-d8c39482-3cb5-487e-868e-0de9e1c0f459 heading-root\">\n<div>\n<h4><img loading=\"lazy\" decoding=\"async\" class=\"alignnone size-full wp-image-36\" src=\"https:\/\/gudruningelbach.feel-good-media.de\/wp-content\/uploads\/2026\/02\/frau.jpg\" alt=\"\" width=\"1698\" height=\"1131\" srcset=\"https:\/\/gudruningelbach.feel-good-media.de\/wp-content\/uploads\/2026\/02\/frau.jpg 1698w, https:\/\/gudruningelbach.feel-good-media.de\/wp-content\/uploads\/2026\/02\/frau-300x200.jpg 300w, https:\/\/gudruningelbach.feel-good-media.de\/wp-content\/uploads\/2026\/02\/frau-1030x686.jpg 1030w, https:\/\/gudruningelbach.feel-good-media.de\/wp-content\/uploads\/2026\/02\/frau-768x512.jpg 768w, https:\/\/gudruningelbach.feel-good-media.de\/wp-content\/uploads\/2026\/02\/frau-1536x1023.jpg 1536w, https:\/\/gudruningelbach.feel-good-media.de\/wp-content\/uploads\/2026\/02\/frau-1500x999.jpg 1500w, https:\/\/gudruningelbach.feel-good-media.de\/wp-content\/uploads\/2026\/02\/frau-705x470.jpg 705w\" sizes=\"auto, (max-width: 1698px) 100vw, 1698px\" \/><\/h4>\n<h4><\/h4>\n<h4 style=\"text-align: center;\">Management, \u00a0Kommunikative Kompetenz -Sprechtraining<\/h4>\n<\/div>\n<\/div>\n<\/div>\n<div class=\"module-container-custom module-container-root module-container-0aa5bfb0-0f0e-45da-a037-3d67a200944c\">\n<div class=\"text-root text-0aa5bfb0-0f0e-45da-a037-3d67a200944c\">\n<div>\n<p>M\u00f6chten Sie Ihre berufliche oder private kommunikative Kompetenz verbessern? Ihr selbstsicheres Sprechen und kommunikatives Auftreten optimieren? Im Stimm- und Sprechtraining schauen wir uns Ihre \u00a0kommunikativen Verhaltensmuster an. Wir erarbeiten zusammen den angemessenen Einsatz von Stimme, Gestik, Mimik und die f\u00fcr Sie geeignete Sprechtechnik.<\/p>\n<\/div>\n<\/div>\n<\/div>\n<\/div><\/section><\/div>\n<div  class='flex_column av-1hrkz-0dafd5c662795189d4c2309d94df96bd av_one_third  avia-builder-el-12  el_after_av_one_third  el_before_av_one_third  first flex_column_div  column-top-margin'     ><section  class='av_textblock_section av-mldsrqql-4c5f3141741b792bd5e75770440d0a77 '   itemscope=\"itemscope\" itemtype=\"https:\/\/schema.org\/CreativeWork\" ><div class='avia_textblock'  itemprop=\"text\" ><p><img loading=\"lazy\" decoding=\"async\" class=\"alignnone size-full wp-image-39\" src=\"https:\/\/gudruningelbach.feel-good-media.de\/wp-content\/uploads\/2026\/02\/meer.jpg\" alt=\"\" width=\"1920\" height=\"1280\" srcset=\"https:\/\/gudruningelbach.feel-good-media.de\/wp-content\/uploads\/2026\/02\/meer.jpg 1920w, https:\/\/gudruningelbach.feel-good-media.de\/wp-content\/uploads\/2026\/02\/meer-300x200.jpg 300w, https:\/\/gudruningelbach.feel-good-media.de\/wp-content\/uploads\/2026\/02\/meer-1030x687.jpg 1030w, https:\/\/gudruningelbach.feel-good-media.de\/wp-content\/uploads\/2026\/02\/meer-768x512.jpg 768w, https:\/\/gudruningelbach.feel-good-media.de\/wp-content\/uploads\/2026\/02\/meer-1536x1024.jpg 1536w, https:\/\/gudruningelbach.feel-good-media.de\/wp-content\/uploads\/2026\/02\/meer-1500x1000.jpg 1500w, https:\/\/gudruningelbach.feel-good-media.de\/wp-content\/uploads\/2026\/02\/meer-705x470.jpg 705w\" sizes=\"auto, (max-width: 1920px) 100vw, 1920px\" \/><\/p>\n<div class=\"module-container-custom module-container-root\">\n<div class=\"heading-module-bf58f2a2-3009-4e6b-92d5-b515d71adf42 heading-root\">\n<div>\n<h3 style=\"text-align: center;\">Neue Wege<\/h3>\n<\/div>\n<\/div>\n<\/div>\n<div class=\"module-container-custom module-container-root module-container-bef517e3-6f9a-4ea4-abfa-cb174870a2b0\">\n<div class=\"text-root text-bef517e3-6f9a-4ea4-abfa-cb174870a2b0\">\n<div>\n<p>Sie m\u00f6chten Ihre Lebensziele erkennen oder neu definieren? Oder eine wichtige Ver\u00e4nderung steht an? Mit Hilfe des psychologischen Coachings k\u00f6nnen Sie Ihr eigenes Potential besser erkennen, es aussch\u00f6pfen und so eine klarere Entwicklung f\u00fcr Ihr Leben entdecken.<\/p>\n<\/div>\n<\/div>\n<\/div>\n<\/div><\/section><\/div>\n<div  class='flex_column av-wle3-9a6fe6bdab82db3a9c09d2dbb58760a7 av_one_third  avia-builder-el-14  el_after_av_one_third  el_before_av_one_third  flex_column_div  column-top-margin'     ><section  class='av_textblock_section av-mldstnbz-ded847ff33a25cb4eb8284b6f6821dc1 '   itemscope=\"itemscope\" itemtype=\"https:\/\/schema.org\/CreativeWork\" ><div class='avia_textblock'  itemprop=\"text\" ><p><img loading=\"lazy\" decoding=\"async\" class=\"alignnone size-full wp-image-40\" src=\"https:\/\/gudruningelbach.feel-good-media.de\/wp-content\/uploads\/2026\/02\/strasse.jpg\" alt=\"\" width=\"1698\" height=\"1131\" srcset=\"https:\/\/gudruningelbach.feel-good-media.de\/wp-content\/uploads\/2026\/02\/strasse.jpg 1698w, https:\/\/gudruningelbach.feel-good-media.de\/wp-content\/uploads\/2026\/02\/strasse-300x200.jpg 300w, https:\/\/gudruningelbach.feel-good-media.de\/wp-content\/uploads\/2026\/02\/strasse-1030x686.jpg 1030w, https:\/\/gudruningelbach.feel-good-media.de\/wp-content\/uploads\/2026\/02\/strasse-768x512.jpg 768w, https:\/\/gudruningelbach.feel-good-media.de\/wp-content\/uploads\/2026\/02\/strasse-1536x1023.jpg 1536w, https:\/\/gudruningelbach.feel-good-media.de\/wp-content\/uploads\/2026\/02\/strasse-1500x999.jpg 1500w, https:\/\/gudruningelbach.feel-good-media.de\/wp-content\/uploads\/2026\/02\/strasse-705x470.jpg 705w\" sizes=\"auto, (max-width: 1698px) 100vw, 1698px\" \/><\/p>\n<div class=\"module-container-custom module-container-root\">\n<div class=\"heading-module-5b827bb5-98c6-4ac0-ad4e-1d281ecdd455 heading-root\">\n<div>\n<h3 style=\"text-align: center;\">Pers\u00f6nliche Freiheit<\/h3>\n<\/div>\n<\/div>\n<\/div>\n<div class=\"module-container-custom module-container-root module-container-1376146e-cf39-4feb-9aec-9f71215f4a35\">\n<div class=\"text-root text-1376146e-cf39-4feb-9aec-9f71215f4a35\">\n<div>\n<p>Sie f\u00fchlen sich permanent gestresst und m\u00f6chten Ihre mentale und emotionale Gesundheit st\u00e4rken und Herausforderungen des Alltags bew\u00e4ltigen? Zusammen schauen wir uns Ihre H\u00fcrden an und entwickeln L\u00f6sungsm\u00f6glichkeiten f\u00fcr ein freies und gl\u00fcckliches Leben.<\/p>\n<\/div>\n<\/div>\n<\/div>\n<\/div><\/section><\/div>\n<div  class='flex_column av-10g7b-84e7026c30904f876ae68065d36ea68e av_one_third  avia-builder-el-16  el_after_av_one_third  avia-builder-el-last  flex_column_div  column-top-margin'     ><section  class='av_textblock_section av-mldsv482-52c5411be2a330bbcdcd17680742f872 '   itemscope=\"itemscope\" itemtype=\"https:\/\/schema.org\/CreativeWork\" ><div class='avia_textblock'  itemprop=\"text\" ><div class=\"module-container-custom module-container-root\">\n<div class=\"heading-module-5b827bb5-98c6-4ac0-ad4e-1d281ecdd455 heading-root\">\n<div><\/div>\n<\/div>\n<\/div>\n<div class=\"module-container-custom module-container-root module-container-1376146e-cf39-4feb-9aec-9f71215f4a35\">\n<div class=\"text-root text-1376146e-cf39-4feb-9aec-9f71215f4a35\">\n<div class=\"module-container-custom module-container-root\">\n<div class=\"heading-module-5b827bb5-98c6-4ac0-ad4e-1d281ecdd455 heading-root\">\n<div class=\"module-container-custom module-container-root\">\n<div class=\"heading-module-8c803ce4-3b8a-48ac-bae7-4683a3e11ce6 heading-root\">\n<div>\n<h3><img loading=\"lazy\" decoding=\"async\" class=\"size-full wp-image-41 aligncenter\" src=\"https:\/\/gudruningelbach.feel-good-media.de\/wp-content\/uploads\/2026\/02\/steine.jpg\" alt=\"\" width=\"724\" height=\"482\" srcset=\"https:\/\/gudruningelbach.feel-good-media.de\/wp-content\/uploads\/2026\/02\/steine.jpg 724w, https:\/\/gudruningelbach.feel-good-media.de\/wp-content\/uploads\/2026\/02\/steine-300x200.jpg 300w, https:\/\/gudruningelbach.feel-good-media.de\/wp-content\/uploads\/2026\/02\/steine-705x469.jpg 705w\" sizes=\"auto, (max-width: 724px) 100vw, 724px\" \/><\/h3>\n<h3><\/h3>\n<h3 style=\"text-align: center;\">Soziale Kompetenz<\/h3>\n<\/div>\n<\/div>\n<\/div>\n<div class=\"module-container-custom module-container-root module-container-6a724fc6-9342-46ee-a5a5-af798e5647b1\">\n<div class=\"text-root text-6a724fc6-9342-46ee-a5a5-af798e5647b1\">\n<div>\n<p>Das Reden vor anderen Menschen l\u00f6st bei Ihnen Angst und Hemmungen aus?<\/p>\n<p>Zusammen entwickeln wir positive Strategien f\u00fcr neuen Mut und Vertrauen in das eigene Auftreten und Sprechen.<\/p>\n<p>Durch gezielte \u00dcbungen erlangen Sie die Kontrolle \u00fcber Ihre Stimme wieder und entwickeln Freude am freien Sprechen.<\/p>\n<\/div>\n<\/div>\n<\/div>\n<\/div>\n<\/div>\n<\/div>\n<\/div>\n<\/div><\/section><\/div>\n","protected":false},"excerpt":{"rendered":"","protected":false},"author":1,"featured_media":0,"parent":0,"menu_order":0,"comment_status":"closed","ping_status":"closed","template":"","meta":{"footnotes":""},"class_list":["post-15","page","type-page","status-publish","hentry"],"_links":{"self":[{"href":"https:\/\/gudruningelbach.feel-good-media.de\/index.php?rest_route=\/wp\/v2\/pages\/15","targetHints":{"allow":["GET"]}}],"collection":[{"href":"https:\/\/gudruningelbach.feel-good-media.de\/index.php?rest_route=\/wp\/v2\/pages"}],"about":[{"href":"https:\/\/gudruningelbach.feel-good-media.de\/index.php?rest_route=\/wp\/v2\/types\/page"}],"author":[{"embeddable":true,"href":"https:\/\/gudruningelbach.feel-good-media.de\/index.php?rest_route=\/wp\/v2\/users\/1"}],"replies":[{"embeddable":true,"href":"https:\/\/gudruningelbach.feel-good-media.de\/index.php?rest_route=%2Fwp%2Fv2%2Fcomments&post=15"}],"version-history":[{"count":9,"href":"https:\/\/gudruningelbach.feel-good-media.de\/index.php?rest_route=\/wp\/v2\/pages\/15\/revisions"}],"predecessor-version":[{"id":43,"href":"https:\/\/gudruningelbach.feel-good-media.de\/index.php?rest_route=\/wp\/v2\/pages\/15\/revisions\/43"}],"wp:attachment":[{"href":"https:\/\/gudruningelbach.feel-good-media.de\/index.php?rest_route=%2Fwp%2Fv2%2Fmedia&parent=15"}],"curies":[{"name":"wp","href":"https:\/\/api.w.org\/{rel}","templated":true}]}}