{"id":56,"date":"2026-02-08T16:07:20","date_gmt":"2026-02-08T16:07:20","guid":{"rendered":"https:\/\/gudruningelbach.feel-good-media.de\/?page_id=56"},"modified":"2026-02-08T16:35:46","modified_gmt":"2026-02-08T16:35:46","slug":"news","status":"publish","type":"page","link":"https:\/\/gudruningelbach.feel-good-media.de\/?page_id=56","title":{"rendered":"News"},"content":{"rendered":"<div  class='flex_column av-1n9zs-92babce799e5eafb2cc9cda52a942025 av_one_half  avia-builder-el-0  el_before_av_one_half  avia-builder-el-first  first flex_column_div  '     ><style type=\"text\/css\" data-created_by=\"avia_inline_auto\" id=\"style-css-av-mldxqrm3-d8e64f2ce8a185faeb71b808e938c625\">\n.avia-image-container.av-mldxqrm3-d8e64f2ce8a185faeb71b808e938c625 img.avia_image{\nbox-shadow:none;\n}\n.avia-image-container.av-mldxqrm3-d8e64f2ce8a185faeb71b808e938c625 .av-image-caption-overlay-center{\ncolor:#ffffff;\n}\n<\/style>\n<div  class='avia-image-container av-mldxqrm3-d8e64f2ce8a185faeb71b808e938c625 av-styling- avia-align-center  avia-builder-el-1  avia-builder-el-no-sibling '   itemprop=\"image\" itemscope=\"itemscope\" itemtype=\"https:\/\/schema.org\/ImageObject\" ><div class=\"avia-image-container-inner\"><div class=\"avia-image-overlay-wrap\"><img decoding=\"async\" fetchpriority=\"high\" class='wp-image-57 avia-img-lazy-loading-not-57 avia_image ' src=\"https:\/\/gudruningelbach.feel-good-media.de\/wp-content\/uploads\/2026\/02\/image-480x480-1-1.jpg\" alt='' title='image-480x480 (1)'  height=\"480\" width=\"480\"  itemprop=\"thumbnailUrl\" srcset=\"https:\/\/gudruningelbach.feel-good-media.de\/wp-content\/uploads\/2026\/02\/image-480x480-1-1.jpg 480w, https:\/\/gudruningelbach.feel-good-media.de\/wp-content\/uploads\/2026\/02\/image-480x480-1-1-300x300.jpg 300w, https:\/\/gudruningelbach.feel-good-media.de\/wp-content\/uploads\/2026\/02\/image-480x480-1-1-80x80.jpg 80w, https:\/\/gudruningelbach.feel-good-media.de\/wp-content\/uploads\/2026\/02\/image-480x480-1-1-36x36.jpg 36w, https:\/\/gudruningelbach.feel-good-media.de\/wp-content\/uploads\/2026\/02\/image-480x480-1-1-180x180.jpg 180w\" sizes=\"(max-width: 480px) 100vw, 480px\" \/><\/div><\/div><\/div><\/div>\n<div  class='flex_column av-uymk-bdd11badca44f4e8bb2be05bd0e637e0 av_one_half  avia-builder-el-2  el_after_av_one_half  el_before_av_one_half  flex_column_div  '     ><section  class='av_textblock_section av-mldyjp0l-180a53e4f7029f54c1638b4944128054 '   itemscope=\"itemscope\" itemtype=\"https:\/\/schema.org\/CreativeWork\" ><div class='avia_textblock'  itemprop=\"text\" ><h2>Neue Energie, Vertrauen und Zuversicht<\/h2>\n<h4>Was ist deine Morgenroutine?<\/h4>\n<p>Duschen, Z\u00e4hne putzen&#8230;. &#8211; das meine ich nicht&#8230;<\/p>\n<p>Ich meine deine gedankliche und emotionale Routine, wie du \u00fcblicherweise mit dir umgehst.<\/p>\n<p>Was genau passiert in dem Moment, wenn du erwachst?<\/p>\n<p>Wie f\u00fchlt sich dein K\u00f6rper an, welche Gedanken sind die ersten, die dir durch den Kopf schie\u00dfen,<\/p>\n<p>was f\u00fcr ein Gef\u00fchl macht sich meist zuerst in dir breit?<\/p>\n<p>F\u00fchlst du dich fit und vital und stehst gerne auf?<\/p>\n<p>Freust du dich auf den Tag und f\u00fchlst dich zuversichtlich?<\/p>\n<p>Oder f\u00fchlst du dich antriebslos, verzagt, ersch\u00f6pft und trostlos?<\/p>\n<p>Musst du dich zur Arbeit und Freizeitaktivit\u00e4ten eher zwingen und dir fehlt etwas ganz Entscheidendes im Leben?<\/p>\n<h2>Dann lass uns im Coaching dein Lebensgef\u00fchl, deine Einstellungen und Gedankenmuster positiv aktivieren!<\/h2>\n<h4>Ganzheitliches Resetting:<\/h4>\n<p>In Vertrauen und Zuversicht!<\/p>\n<p>Selbstbestimmt nach vorne schauen &#8211; das ist dein Weg!<\/p>\n<p>Starte jetzt, denn JETZT ist immer der beste Moment&#8230;..<\/p>\n<\/div><\/section><\/div>\n<div  class='flex_column av-av_one_half-a2cef933b0a555f25d1e39b22a8e9dae av_one_half  avia-builder-el-4  el_after_av_one_half  el_before_av_one_half  first flex_column_div  column-top-margin'     ><section  class='av_textblock_section av-mldyrrgb-6531b981933f751ed239e6f4941fe33f '   itemscope=\"itemscope\" itemtype=\"https:\/\/schema.org\/CreativeWork\" ><div class='avia_textblock'  itemprop=\"text\" ><blockquote>\n<p style=\"text-align: right;\">Mut gegen Angst:<\/p>\n<p style=\"text-align: right;\">&#8222;Angst kocht auch nur mit Wasser&#8220;<br \/>\n<em>Dan Katz<\/em><\/p>\n<\/blockquote>\n<h2>Machen dir \u00c4ngste und Unsicherheiten auch schon mal das Leben schwer?<\/h2>\n<p>Das m\u00fcssen sie nicht&#8230;.<\/p>\n<p>Aus Angst wird Mut.<\/p>\n<p>Aus Verzweiflung wird Zuversicht.<\/p>\n<p>Das klingt nach Hoffnung und die ist es auch!<\/p>\n<p>\u00c4ngste und Verzweiflung sind ein Zeichen, dass du kurz davor bist mutig zu sein und sich etwas in Bewegung setzt.<\/p>\n<p>Diese Gef\u00fchle anzunehmen und aus den negativen Mustern auszubrechen, erfordert Geduld und Mut.<\/p>\n<p>Zusammen gehen wir dahin, wo die Angst und die Verunsicherung her kommen und wandeln diese in positive Verhaltensmuster und Wegweiser um.<\/p>\n<p>Vertraue wieder in deine pers\u00f6nlichen M\u00f6glichkeiten, die viel mehr m\u00f6glich machen und freier und gr\u00f6\u00dfer sind, als du es bisher gedacht hast.<\/p>\n<\/div><\/section><\/div><div  class='flex_column av-av_one_half-538dd737667e19053994a94b9156413b av_one_half  avia-builder-el-6  el_after_av_one_half  avia-builder-el-last  flex_column_div  column-top-margin'     ><style type=\"text\/css\" data-created_by=\"avia_inline_auto\" id=\"style-css-av-mldysmlp-82e1d35ac8c9db9e26169f8d2746aa90\">\n.avia-image-container.av-mldysmlp-82e1d35ac8c9db9e26169f8d2746aa90 img.avia_image{\nbox-shadow:none;\n}\n.avia-image-container.av-mldysmlp-82e1d35ac8c9db9e26169f8d2746aa90 .av-image-caption-overlay-center{\ncolor:#ffffff;\n}\n<\/style>\n<div  class='avia-image-container av-mldysmlp-82e1d35ac8c9db9e26169f8d2746aa90 av-styling- avia-align-center  avia-builder-el-7  avia-builder-el-no-sibling '   itemprop=\"image\" itemscope=\"itemscope\" itemtype=\"https:\/\/schema.org\/ImageObject\" ><div class=\"avia-image-container-inner\"><div class=\"avia-image-overlay-wrap\"><img decoding=\"async\" fetchpriority=\"high\" class='wp-image-69 avia-img-lazy-loading-not-69 avia_image ' src=\"https:\/\/gudruningelbach.feel-good-media.de\/wp-content\/uploads\/2026\/02\/image-480x480-2.jpg\" alt='' title='image-480x480 (2)'  height=\"480\" width=\"480\"  itemprop=\"thumbnailUrl\" srcset=\"https:\/\/gudruningelbach.feel-good-media.de\/wp-content\/uploads\/2026\/02\/image-480x480-2.jpg 480w, https:\/\/gudruningelbach.feel-good-media.de\/wp-content\/uploads\/2026\/02\/image-480x480-2-300x300.jpg 300w, https:\/\/gudruningelbach.feel-good-media.de\/wp-content\/uploads\/2026\/02\/image-480x480-2-80x80.jpg 80w, https:\/\/gudruningelbach.feel-good-media.de\/wp-content\/uploads\/2026\/02\/image-480x480-2-36x36.jpg 36w, https:\/\/gudruningelbach.feel-good-media.de\/wp-content\/uploads\/2026\/02\/image-480x480-2-180x180.jpg 180w\" sizes=\"(max-width: 480px) 100vw, 480px\" \/><\/div><\/div><\/div><\/div><\/p>\n","protected":false},"excerpt":{"rendered":"","protected":false},"author":1,"featured_media":0,"parent":0,"menu_order":0,"comment_status":"closed","ping_status":"closed","template":"","meta":{"footnotes":""},"class_list":["post-56","page","type-page","status-publish","hentry"],"_links":{"self":[{"href":"https:\/\/gudruningelbach.feel-good-media.de\/index.php?rest_route=\/wp\/v2\/pages\/56","targetHints":{"allow":["GET"]}}],"collection":[{"href":"https:\/\/gudruningelbach.feel-good-media.de\/index.php?rest_route=\/wp\/v2\/pages"}],"about":[{"href":"https:\/\/gudruningelbach.feel-good-media.de\/index.php?rest_route=\/wp\/v2\/types\/page"}],"author":[{"embeddable":true,"href":"https:\/\/gudruningelbach.feel-good-media.de\/index.php?rest_route=\/wp\/v2\/users\/1"}],"replies":[{"embeddable":true,"href":"https:\/\/gudruningelbach.feel-good-media.de\/index.php?rest_route=%2Fwp%2Fv2%2Fcomments&post=56"}],"version-history":[{"count":7,"href":"https:\/\/gudruningelbach.feel-good-media.de\/index.php?rest_route=\/wp\/v2\/pages\/56\/revisions"}],"predecessor-version":[{"id":70,"href":"https:\/\/gudruningelbach.feel-good-media.de\/index.php?rest_route=\/wp\/v2\/pages\/56\/revisions\/70"}],"wp:attachment":[{"href":"https:\/\/gudruningelbach.feel-good-media.de\/index.php?rest_route=%2Fwp%2Fv2%2Fmedia&parent=56"}],"curies":[{"name":"wp","href":"https:\/\/api.w.org\/{rel}","templated":true}]}}